{"id":794,"date":"2026-03-25T12:46:26","date_gmt":"2026-03-25T12:46:26","guid":{"rendered":"https:\/\/fyzio.adamkovanikola.site\/?page_id=794"},"modified":"2026-04-08T12:31:19","modified_gmt":"2026-04-08T12:31:19","slug":"promeny-2","status":"publish","type":"page","link":"https:\/\/fyzio.adamkovanikola.site\/index.php\/promeny-2\/","title":{"rendered":"Prom\u011bny"},"content":{"rendered":"<p>[et_pb_section fb_built=&#8220;1&#8243; admin_label=&#8220;Header&#8220; _builder_version=&#8220;4.27.6&#8243; use_background_color_gradient=&#8220;on&#8220; background_color_gradient_stops=&#8220;rgba(0,0,0,0) 20%|#0f1c2e 100%&#8220; background_color_gradient_overlays_image=&#8220;on&#8220; background_color_gradient_start=&#8220;rgba(0,0,0,0)&#8220; background_color_gradient_start_position=&#8220;20%&#8220; background_color_gradient_end=&#8220;#160b00&#8243; background_image=&#8220;https:\/\/fyzio.adamkovanikola.site\/wp-content\/uploads\/2026\/03\/jessie-shaw-PmQ-zNz6atI-unsplash-scaled.jpg&#8220; z_index=&#8220;1&#8243; locked=&#8220;off&#8220; global_colors_info=&#8220;{}&#8220;][et_pb_row column_structure=&#8220;3_5,2_5&#8243; _builder_version=&#8220;4.27.6&#8243; z_index=&#8220;1&#8243; width_tablet=&#8220;&#8220; width_phone=&#8220;&#8220; width_last_edited=&#8220;on|phone&#8220; max_width=&#8220;1280px&#8220; global_colors_info=&#8220;{}&#8220;][et_pb_column type=&#8220;3_5&#8243; _builder_version=&#8220;4.16&#8243; custom_padding=&#8220;80px|5%|80px|5%|true|true&#8220; custom_padding_tablet=&#8220;|40px||40px|true|true&#8220; custom_padding_phone=&#8220;40px|20px|40px|20px|true|true&#8220; custom_padding_last_edited=&#8220;on|phone&#8220; border_width_all=&#8220;2px&#8220; border_color_all=&#8220;#ffcf9a&#8220; global_colors_info=&#8220;{}&#8220;][et_pb_text _builder_version=&#8220;4.27.6&#8243; header_font=&#8220;Great Vibes||||||||&#8220; header_text_color=&#8220;#ffebd6&#8243; header_font_size=&#8220;80px&#8220; header_line_height=&#8220;1.2em&#8220; header_3_font=&#8220;|700||on|||||&#8220; header_3_text_color=&#8220;#ffcf9a&#8220; header_3_font_size=&#8220;14px&#8220; header_3_letter_spacing=&#8220;2px&#8220; header_3_line_height=&#8220;1.2em&#8220; background_layout=&#8220;dark&#8220; max_width=&#8220;700px&#8220; header_font_size_tablet=&#8220;80px&#8220; header_font_size_phone=&#8220;40px&#8220; header_font_size_last_edited=&#8220;on|phone&#8220; locked=&#8220;off&#8220; global_colors_info=&#8220;{}&#8220;]<\/p>\n<h1><span>Prom\u011bny <br \/>m\u00fdch klient\u016f\u00a0<\/span><\/h1>\n<p>[\/et_pb_text][\/et_pb_column][et_pb_column type=&#8220;2_5&#8243; _builder_version=&#8220;4.27.6&#8243; use_background_color_gradient=&#8220;on&#8220; background_color_gradient_stops=&#8220;#ffffff 0%|rgba(255,222,160,0.36) 100%&#8220; background_color_gradient_overlays_image=&#8220;on&#8220; background_color_gradient_start=&#8220;#ffffff&#8220; background_color_gradient_end=&#8220;rgba(255,207,154,0.3)&#8220; background_image=&#8220;https:\/\/fyzio.adamkovanikola.site\/wp-content\/uploads\/2026\/03\/luiz-rogerio-nunes-26wXsIZT0A0-unsplash-scaled.jpg&#8220; transform_scale_tablet=&#8220;&#8220; transform_scale_phone=&#8220;&#8220; transform_scale_last_edited=&#8220;on|desktop&#8220; transform_translate=&#8220;0px|300px&#8220; transform_translate_tablet=&#8220;0px|0px&#8220; transform_translate_phone=&#8220;&#8220; transform_translate_last_edited=&#8220;on|tablet&#8220; transform_translate_linked=&#8220;off&#8220; transform_rotate_tablet=&#8220;&#8220; transform_rotate_phone=&#8220;&#8220; transform_rotate_last_edited=&#8220;on|desktop&#8220; transform_skew_tablet=&#8220;&#8220; transform_skew_phone=&#8220;&#8220; transform_skew_last_edited=&#8220;on|desktop&#8220; transform_origin_tablet=&#8220;&#8220; transform_origin_phone=&#8220;&#8220; transform_origin_last_edited=&#8220;on|desktop&#8220; transform_styles_last_edited=&#8220;on|tablet&#8220; custom_padding=&#8220;60px|40px|60px|40px|false|true&#8220; custom_padding_tablet=&#8220;60px||60px||true|false&#8220; custom_padding_phone=&#8220;40px|40px|40px|40px|true|true&#8220; custom_padding_last_edited=&#8220;on|phone&#8220; transform_styles_tablet=&#8220;&#8220; transform_styles_phone=&#8220;&#8220; global_colors_info=&#8220;{}&#8220;][et_pb_text _builder_version=&#8220;4.27.6&#8243; _module_preset=&#8220;default&#8220; header_font=&#8220;Great Vibes||||||||&#8220; header_2_font=&#8220;Great Vibes||||||||&#8220; header_2_text_align=&#8220;center&#8220; header_2_text_color=&#8220;#0F1C2E&#8220; header_2_font_size=&#8220;62px&#8220; header_2_line_height=&#8220;1.1em&#8220; custom_margin=&#8220;0px||0px||false|false&#8220; custom_padding=&#8220;0px||0px||false|false&#8220; header_2_font_size_tablet=&#8220;48px&#8220; header_2_font_size_phone=&#8220;30px&#8220; header_2_font_size_last_edited=&#8220;on|phone&#8220; header_2_line_height_tablet=&#8220;1.1em&#8220; header_2_line_height_phone=&#8220;1.2em&#8220; header_2_line_height_last_edited=&#8220;on|phone&#8220; locked=&#8220;off&#8220; global_colors_info=&#8220;{}&#8220;]<\/p>\n<h2><span>Sledujte m\u011b tak\u00e9 na soci\u00e1ln\u00edch s\u00edt\u00edch<\/span><\/h2>\n<p>&nbsp;<\/p>\n<p>[\/et_pb_text][et_pb_social_media_follow follow_button=&#8220;on&#8220; icon_color=&#8220;#FFDEA0&#8243; use_icon_font_size=&#8220;on&#8220; icon_font_size=&#8220;22px&#8220; _builder_version=&#8220;4.27.6&#8243; _module_preset=&#8220;default&#8220; background_color=&#8220;RGBA(255,255,255,0)&#8220; custom_button=&#8220;on&#8220; button_text_size=&#8220;17px&#8220; button_text_color=&#8220;#1E2F45&#8243; button_bg_color=&#8220;#FFDEA0&#8243; button_border_width=&#8220;1px&#8220; button_border_radius=&#8220;0px&#8220; button_font=&#8220;Inria Sans|||on|||||&#8220; button_custom_margin=&#8220;|5px||5px|false|false&#8220; button_custom_padding=&#8220;0px||0px||true|false&#8220; border_color_all=&#8220;#1E2F45&#8243; locked=&#8220;off&#8220; global_colors_info=&#8220;{}&#8220;][et_pb_social_media_follow_network social_network=&#8220;facebook&#8220; url=&#8220;https:\/\/www.facebook.com\/Eva1541991&#8243; _builder_version=&#8220;4.27.6&#8243; _module_preset=&#8220;default&#8220; background_color=&#8220;#1E2F45&#8243; background_enable_color=&#8220;on&#8220; border_radii=&#8220;on|100px|100px|100px|100px&#8220; border_width_all=&#8220;1px&#8220; border_color_all=&#8220;#E6C76A&#8220; global_colors_info=&#8220;{}&#8220; follow_button=&#8220;on&#8220; url_new_window=&#8220;on&#8220;]facebook[\/et_pb_social_media_follow_network][et_pb_social_media_follow_network social_network=&#8220;instagram&#8220; url=&#8220;https:\/\/www.instagram.com\/promena_tela?igsh=MWo5azAyM3VkbGNkYw==&#8220; _builder_version=&#8220;4.27.6&#8243; _module_preset=&#8220;default&#8220; background_color=&#8220;#1E2F45&#8243; background_enable_color=&#8220;on&#8220; border_radii=&#8220;on|100px|100px|100px|100px&#8220; border_width_all=&#8220;1px&#8220; border_color_all=&#8220;#E6C76A&#8220; global_colors_info=&#8220;{}&#8220; follow_button=&#8220;on&#8220; url_new_window=&#8220;on&#8220;]instagram[\/et_pb_social_media_follow_network][\/et_pb_social_media_follow][\/et_pb_column][\/et_pb_row][\/et_pb_section][et_pb_section fb_built=&#8220;1&#8243; custom_padding_last_edited=&#8220;on|tablet&#8220; admin_label=&#8220;Posts&#8220; _builder_version=&#8220;4.27.6&#8243; background_color=&#8220;#0F1C2E&#8220; custom_padding=&#8220;163px||||false|false&#8220; custom_padding_tablet=&#8220;0px||||false|false&#8220; custom_padding_phone=&#8220;&#8220; locked=&#8220;off&#8220; global_colors_info=&#8220;{}&#8220;][et_pb_row _builder_version=&#8220;4.27.6&#8243; _module_preset=&#8220;default&#8220; max_width=&#8220;1800px&#8220; custom_margin=&#8220;6px|auto|60px|auto|false|false&#8220; custom_padding=&#8220;50px|50px|50px|50px|true|true&#8220; border_width_all=&#8220;2px&#8220; border_color_all=&#8220;#FFDEA0&#8243; global_colors_info=&#8220;{}&#8220;][et_pb_column type=&#8220;4_4&#8243; _builder_version=&#8220;4.27.6&#8243; _module_preset=&#8220;default&#8220; global_colors_info=&#8220;{}&#8220;][et_pb_text _builder_version=&#8220;4.27.6&#8243; text_text_color=&#8220;rgba(255,207,154,0.7)&#8220; text_font_size=&#8220;16px&#8220; text_line_height=&#8220;1.8em&#8220; header_font=&#8220;Great Vibes||||||||&#8220; header_2_font=&#8220;Great Vibes||||||||&#8220; header_2_text_color=&#8220;#ffcf9a&#8220; header_2_font_size=&#8220;65px&#8220; header_2_line_height=&#8220;0.9em&#8220; background_layout=&#8220;dark&#8220; custom_margin=&#8220;||20px||false|false&#8220; hover_enabled=&#8220;0&#8243; header_2_font_size_tablet=&#8220;70px&#8220; header_2_font_size_phone=&#8220;35px&#8220; header_2_font_size_last_edited=&#8220;on|phone&#8220; locked=&#8220;off&#8220; global_colors_info=&#8220;{}&#8220; header_2_line_height_last_edited=&#8220;on|phone&#8220; header_2_line_height_phone=&#8220;1.1em&#8220; sticky_enabled=&#8220;0&#8243; header_2_line_height_tablet=&#8220;0.9em&#8220;]<\/p>\n<h2><span>Okam\u017eit\u00e9 v\u00fdsledky po Shala Body Contouring<\/span><\/h2>\n<p>[\/et_pb_text][dipl_masonry_gallery image_ids=&#8220;666,664,662,661,660,668&#8243; number_of_columns=&#8220;3&#8243; image_size=&#8220;large&#8220; enable_lightbox=&#8220;on&#8220; _builder_version=&#8220;4.27.6&#8243; _module_preset=&#8220;default&#8220; hover_enabled=&#8220;0&#8243; global_colors_info=&#8220;{}&#8220; number_of_columns_last_edited=&#8220;on|phone&#8220; number_of_columns_phone=&#8220;1&#8243; sticky_enabled=&#8220;0&#8243; number_of_columns_tablet=&#8220;3&#8243;][\/dipl_masonry_gallery][\/et_pb_column][\/et_pb_row][et_pb_row _builder_version=&#8220;4.27.6&#8243; _module_preset=&#8220;default&#8220; max_width=&#8220;1800px&#8220; custom_margin=&#8220;6px|auto||auto||&#8220; custom_padding=&#8220;50px|50px|50px|50px|true|true&#8220; border_width_all=&#8220;2px&#8220; border_color_all=&#8220;#FFDEA0&#8243; global_colors_info=&#8220;{}&#8220;][et_pb_column type=&#8220;4_4&#8243; _builder_version=&#8220;4.27.6&#8243; _module_preset=&#8220;default&#8220; global_colors_info=&#8220;{}&#8220;][et_pb_text _builder_version=&#8220;4.27.6&#8243; text_text_color=&#8220;rgba(255,207,154,0.7)&#8220; text_font_size=&#8220;16px&#8220; text_line_height=&#8220;1.8em&#8220; header_font=&#8220;Great Vibes||||||||&#8220; header_2_font=&#8220;Great Vibes||||||||&#8220; header_2_text_color=&#8220;#ffcf9a&#8220; header_2_font_size=&#8220;65px&#8220; header_2_line_height=&#8220;0.9em&#8220; background_layout=&#8220;dark&#8220; custom_margin=&#8220;||20px||false|false&#8220; header_2_font_size_tablet=&#8220;70px&#8220; header_2_font_size_phone=&#8220;35px&#8220; header_2_font_size_last_edited=&#8220;on|phone&#8220; locked=&#8220;off&#8220; global_colors_info=&#8220;{}&#8220; header_2_line_height_phone=&#8220;1.1em&#8220; header_2_line_height_last_edited=&#8220;on|phone&#8220; header_2_line_height_tablet=&#8220;0.9em&#8220;]<\/p>\n<h2><span>Okam\u017eit\u00fd efekt po Wonder Axon<\/span><\/h2>\n<p>[\/et_pb_text][dipl_masonry_gallery image_ids=&#8220;975,979,978,977,976&#8243; number_of_columns=&#8220;3&#8243; image_size=&#8220;large&#8220; enable_lightbox=&#8220;on&#8220; _builder_version=&#8220;4.27.6&#8243; _module_preset=&#8220;default&#8220; global_colors_info=&#8220;{}&#8220; number_of_columns_phone=&#8220;1&#8243; number_of_columns_last_edited=&#8220;on|phone&#8220; number_of_columns_tablet=&#8220;3&#8243;][\/dipl_masonry_gallery][\/et_pb_column][\/et_pb_row][\/et_pb_section]<\/p>\n","protected":false},"excerpt":{"rendered":"<p>Prom\u011bny m\u00fdch klient\u016f\u00a0Sledujte m\u011b tak\u00e9 na soci\u00e1ln\u00edch s\u00edt\u00edch &nbsp;Okam\u017eit\u00e9 v\u00fdsledky po Shala Body Contouring<div class=\"et_pb_module dipl_masonry_gallery dipl_masonry_gallery_0\">\n\t\t\t\t\n\t\t\t\t\n\t\t\t\t\n\t\t\t\t\n\t\t\t\t\n\t\t\t\t\n\t\t\t\t<div class=\"et_pb_module_inner\">\n\t\t\t\t\t<div class=\"dipl_masonry_gallery_wrapper\">\n\t\t\t\t<div class=\"dipl_masonry_gallery_item_gutter\"><\/div>\n\t\t\t\t<a href=\"https:\/\/fyzio.adamkovanikola.site\/wp-content\/uploads\/2026\/03\/20260308_143151_0000.png\" class=\"dipl_masonry_gallery_item\">\n\t\t\t\t\t\t<div class=\"dipl_masonry_gallery_image_wrapper\"><img width=\"683\" height=\"1024\" src=\"https:\/\/fyzio.adamkovanikola.site\/wp-content\/uploads\/2026\/03\/20260308_143151_0000-683x1024.png\" class=\"attachment-large size-large no-lazyload skip-lazy\" alt=\"\" decoding=\"async\" loading=\"lazy\" \/> <\/div>\n\t\t\t\t\t\t\n\t\t\t\t\t<\/a><a href=\"https:\/\/fyzio.adamkovanikola.site\/wp-content\/uploads\/2026\/03\/20260308_143151_0000-1.png\" class=\"dipl_masonry_gallery_item\">\n\t\t\t\t\t\t<div class=\"dipl_masonry_gallery_image_wrapper\"><img width=\"683\" height=\"1024\" src=\"https:\/\/fyzio.adamkovanikola.site\/wp-content\/uploads\/2026\/03\/20260308_143151_0000-1-683x1024.png\" class=\"attachment-large size-large no-lazyload skip-lazy\" alt=\"\" decoding=\"async\" loading=\"lazy\" \/> <\/div>\n\t\t\t\t\t\t\n\t\t\t\t\t<\/a><a href=\"https:\/\/fyzio.adamkovanikola.site\/wp-content\/uploads\/2026\/03\/20260308_142955_0000.png\" class=\"dipl_masonry_gallery_item\">\n\t\t\t\t\t\t<div class=\"dipl_masonry_gallery_image_wrapper\"><img width=\"683\" height=\"1024\" src=\"https:\/\/fyzio.adamkovanikola.site\/wp-content\/uploads\/2026\/03\/20260308_142955_0000-683x1024.png\" class=\"attachment-large size-large no-lazyload skip-lazy\" alt=\"\" decoding=\"async\" loading=\"lazy\" \/> <\/div>\n\t\t\t\t\t\t\n\t\t\t\t\t<\/a><a href=\"https:\/\/fyzio.adamkovanikola.site\/wp-content\/uploads\/2026\/03\/20260308_142527_0000.png\" class=\"dipl_masonry_gallery_item\">\n\t\t\t\t\t\t<div class=\"dipl_masonry_gallery_image_wrapper\"><img width=\"683\" height=\"1024\" src=\"https:\/\/fyzio.adamkovanikola.site\/wp-content\/uploads\/2026\/03\/20260308_142527_0000-683x1024.png\" class=\"attachment-large size-large no-lazyload skip-lazy\" alt=\"\" decoding=\"async\" loading=\"lazy\" \/> <\/div>\n\t\t\t\t\t\t\n\t\t\t\t\t<\/a><a href=\"https:\/\/fyzio.adamkovanikola.site\/wp-content\/uploads\/2026\/03\/20260308_142217_0000.png\" class=\"dipl_masonry_gallery_item\">\n\t\t\t\t\t\t<div class=\"dipl_masonry_gallery_image_wrapper\"><img width=\"683\" height=\"1024\" src=\"https:\/\/fyzio.adamkovanikola.site\/wp-content\/uploads\/2026\/03\/20260308_142217_0000-683x1024.png\" class=\"attachment-large size-large no-lazyload skip-lazy\" alt=\"\" decoding=\"async\" loading=\"lazy\" \/> <\/div>\n\t\t\t\t\t\t\n\t\t\t\t\t<\/a><a href=\"https:\/\/fyzio.adamkovanikola.site\/wp-content\/uploads\/2026\/03\/20260308_143558_0000.png\" class=\"dipl_masonry_gallery_item\">\n\t\t\t\t\t\t<div class=\"dipl_masonry_gallery_image_wrapper\"><img width=\"683\" height=\"1024\" src=\"https:\/\/fyzio.adamkovanikola.site\/wp-content\/uploads\/2026\/03\/20260308_143558_0000-683x1024.png\" class=\"attachment-large size-large no-lazyload skip-lazy\" alt=\"\" decoding=\"async\" loading=\"lazy\" \/> <\/div>\n\t\t\t\t\t\t\n\t\t\t\t\t<\/a>\n\t\t\t<\/div>\n\t\t\t\t<\/div>\n\t\t\t<\/div>Okam\u017eit\u00fd efekt po Wonder Axon<div class=\"et_pb_module dipl_masonry_gallery dipl_masonry_gallery_1\">\n\t\t\t\t\n\t\t\t\t\n\t\t\t\t\n\t\t\t\t\n\t\t\t\t\n\t\t\t\t\n\t\t\t\t<div class=\"et_pb_module_inner\">\n\t\t\t\t\t<div class=\"dipl_masonry_gallery_wrapper\">\n\t\t\t\t<div class=\"dipl_masonry_gallery_item_gutter\"><\/div>\n\t\t\t\t<a href=\"https:\/\/fyzio.adamkovanikola.site\/wp-content\/uploads\/2026\/04\/1775139927995.png\" class=\"dipl_masonry_gallery_item\">\n\t\t\t\t\t\t<div class=\"dipl_masonry_gallery_image_wrapper\"><img width=\"1020\" height=\"939\" src=\"https:\/\/fyzio.adamkovanikola.site\/wp-content\/uploads\/2026\/04\/1775139927995.png\" class=\"attachment-large size-large no-lazyload skip-lazy\" alt=\"\" decoding=\"async\" loading=\"lazy\" srcset=\"https:\/\/fyzio.adamkovanikola.site\/wp-content\/uploads\/2026\/04\/1775139927995.png 1020w, https:\/\/fyzio.adamkovanikola.site\/wp-content\/uploads\/2026\/04\/1775139927995-980x902.png 980w, https:\/\/fyzio.adamkovanikola.site\/wp-content\/uploads\/2026\/04\/1775139927995-480x442.png 480w\" sizes=\"(min-width: 0px) and (max-width: 480px) 480px, (min-width: 481px) and (max-width: 980px) 980px, (min-width: 981px) 1020px, 100vw\" \/> <\/div>\n\t\t\t\t\t\t\n\t\t\t\t\t<\/a><a href=\"https:\/\/fyzio.adamkovanikola.site\/wp-content\/uploads\/2026\/04\/1775140407348.png\" class=\"dipl_masonry_gallery_item\">\n\t\t\t\t\t\t<div class=\"dipl_masonry_gallery_image_wrapper\"><img width=\"966\" height=\"1024\" src=\"https:\/\/fyzio.adamkovanikola.site\/wp-content\/uploads\/2026\/04\/1775140407348-966x1024.png\" class=\"attachment-large size-large no-lazyload skip-lazy\" alt=\"\" decoding=\"async\" loading=\"lazy\" \/> <\/div>\n\t\t\t\t\t\t\n\t\t\t\t\t<\/a><a href=\"https:\/\/fyzio.adamkovanikola.site\/wp-content\/uploads\/2026\/04\/1775140275323.png\" class=\"dipl_masonry_gallery_item\">\n\t\t\t\t\t\t<div class=\"dipl_masonry_gallery_image_wrapper\"><img width=\"966\" height=\"1024\" src=\"https:\/\/fyzio.adamkovanikola.site\/wp-content\/uploads\/2026\/04\/1775140275323-966x1024.png\" class=\"attachment-large size-large no-lazyload skip-lazy\" alt=\"\" decoding=\"async\" loading=\"lazy\" \/> <\/div>\n\t\t\t\t\t\t\n\t\t\t\t\t<\/a><a href=\"https:\/\/fyzio.adamkovanikola.site\/wp-content\/uploads\/2026\/04\/1775140216244.png\" class=\"dipl_masonry_gallery_item\">\n\t\t\t\t\t\t<div class=\"dipl_masonry_gallery_image_wrapper\"><img width=\"1024\" height=\"1024\" src=\"https:\/\/fyzio.adamkovanikola.site\/wp-content\/uploads\/2026\/04\/1775140216244.png\" class=\"attachment-large size-large no-lazyload skip-lazy\" alt=\"\" decoding=\"async\" loading=\"lazy\" srcset=\"https:\/\/fyzio.adamkovanikola.site\/wp-content\/uploads\/2026\/04\/1775140216244.png 1024w, https:\/\/fyzio.adamkovanikola.site\/wp-content\/uploads\/2026\/04\/1775140216244-980x980.png 980w, https:\/\/fyzio.adamkovanikola.site\/wp-content\/uploads\/2026\/04\/1775140216244-480x480.png 480w\" sizes=\"(min-width: 0px) and (max-width: 480px) 480px, (min-width: 481px) and (max-width: 980px) 980px, (min-width: 981px) 1024px, 100vw\" \/> <\/div>\n\t\t\t\t\t\t\n\t\t\t\t\t<\/a><a href=\"https:\/\/fyzio.adamkovanikola.site\/wp-content\/uploads\/2026\/04\/1775140050685.png\" class=\"dipl_masonry_gallery_item\">\n\t\t\t\t\t\t<div class=\"dipl_masonry_gallery_image_wrapper\"><img width=\"1024\" height=\"897\" src=\"https:\/\/fyzio.adamkovanikola.site\/wp-content\/uploads\/2026\/04\/1775140050685-1024x897.png\" class=\"attachment-large size-large no-lazyload skip-lazy\" alt=\"\" decoding=\"async\" loading=\"lazy\" srcset=\"https:\/\/fyzio.adamkovanikola.site\/wp-content\/uploads\/2026\/04\/1775140050685-1024x897.png 1024w, https:\/\/fyzio.adamkovanikola.site\/wp-content\/uploads\/2026\/04\/1775140050685-980x859.png 980w, https:\/\/fyzio.adamkovanikola.site\/wp-content\/uploads\/2026\/04\/1775140050685-480x421.png 480w\" sizes=\"(min-width: 0px) and (max-width: 480px) 480px, (min-width: 481px) and (max-width: 980px) 980px, (min-width: 981px) 1024px, 100vw\" \/> <\/div>\n\t\t\t\t\t\t\n\t\t\t\t\t<\/a>\n\t\t\t<\/div>\n\t\t\t\t<\/div>\n\t\t\t<\/div><\/p>\n","protected":false},"author":1,"featured_media":0,"parent":0,"menu_order":0,"comment_status":"closed","ping_status":"closed","template":"","meta":{"_et_pb_use_builder":"on","_et_pb_old_content":"","_et_gb_content_width":"","footnotes":""},"class_list":["post-794","page","type-page","status-publish","hentry"],"_links":{"self":[{"href":"https:\/\/fyzio.adamkovanikola.site\/index.php\/wp-json\/wp\/v2\/pages\/794","targetHints":{"allow":["GET"]}}],"collection":[{"href":"https:\/\/fyzio.adamkovanikola.site\/index.php\/wp-json\/wp\/v2\/pages"}],"about":[{"href":"https:\/\/fyzio.adamkovanikola.site\/index.php\/wp-json\/wp\/v2\/types\/page"}],"author":[{"embeddable":true,"href":"https:\/\/fyzio.adamkovanikola.site\/index.php\/wp-json\/wp\/v2\/users\/1"}],"replies":[{"embeddable":true,"href":"https:\/\/fyzio.adamkovanikola.site\/index.php\/wp-json\/wp\/v2\/comments?post=794"}],"version-history":[{"count":0,"href":"https:\/\/fyzio.adamkovanikola.site\/index.php\/wp-json\/wp\/v2\/pages\/794\/revisions"}],"wp:attachment":[{"href":"https:\/\/fyzio.adamkovanikola.site\/index.php\/wp-json\/wp\/v2\/media?parent=794"}],"curies":[{"name":"wp","href":"https:\/\/api.w.org\/{rel}","templated":true}]}}