{"id":805,"date":"2026-03-30T14:50:22","date_gmt":"2026-03-30T14:50:22","guid":{"rendered":"https:\/\/fyzio.adamkovanikola.site\/?page_id=805"},"modified":"2026-04-08T12:39:14","modified_gmt":"2026-04-08T12:39:14","slug":"o-mne","status":"publish","type":"page","link":"https:\/\/fyzio.adamkovanikola.site\/index.php\/o-mne\/","title":{"rendered":"O mn\u011b"},"content":{"rendered":"<p>[et_pb_section fb_built=&#8220;1&#8243; admin_label=&#8220;Header&#8220; _builder_version=&#8220;4.27.6&#8243; use_background_color_gradient=&#8220;on&#8220; background_color_gradient_stops=&#8220;rgba(0,0,0,0) 20%|#0f1c2e 100%&#8220; background_color_gradient_overlays_image=&#8220;on&#8220; background_color_gradient_start=&#8220;rgba(0,0,0,0)&#8220; background_color_gradient_start_position=&#8220;20%&#8220; background_color_gradient_end=&#8220;#160b00&#8243; background_image=&#8220;https:\/\/fyzio.adamkovanikola.site\/wp-content\/uploads\/2026\/03\/relaxsphere-woman-8388428.jpg&#8220; z_index=&#8220;1&#8243; custom_padding=&#8220;||92px|||&#8220; hover_enabled=&#8220;0&#8243; locked=&#8220;off&#8220; global_colors_info=&#8220;{}&#8220; custom_padding_last_edited=&#8220;on|phone&#8220; custom_padding_phone=&#8220;||0px||false|false&#8220; sticky_enabled=&#8220;0&#8243; custom_padding_tablet=&#8220;||92px|||&#8220;][et_pb_row _builder_version=&#8220;4.27.6&#8243; z_index=&#8220;1&#8243; width_tablet=&#8220;&#8220; width_phone=&#8220;&#8220; width_last_edited=&#8220;on|phone&#8220; max_width=&#8220;1280px&#8220; global_colors_info=&#8220;{}&#8220;][et_pb_column type=&#8220;4_4&#8243; _builder_version=&#8220;4.27.6&#8243; custom_padding=&#8220;80px|5%|80px|5%|true|true&#8220; custom_padding_tablet=&#8220;|40px||40px|true|true&#8220; custom_padding_phone=&#8220;40px|20px|40px|20px|true|true&#8220; custom_padding_last_edited=&#8220;on|phone&#8220; border_color_all=&#8220;#ffcf9a&#8220; global_colors_info=&#8220;{}&#8220;][et_pb_text _builder_version=&#8220;4.27.4&#8243; _module_preset=&#8220;default&#8220; header_4_font=&#8220;Inria Sans|||on|||||&#8220; header_4_text_align=&#8220;center&#8220; header_4_text_color=&#8220;#ffdea0&#8243; header_4_font_size=&#8220;14px&#8220; header_4_letter_spacing=&#8220;3px&#8220; header_4_line_height=&#8220;1.2em&#8220; custom_margin=&#8220;0px||6px||false|false&#8220; custom_padding=&#8220;0px||0px||false|false&#8220; animation_style=&#8220;slide&#8220; animation_direction=&#8220;bottom&#8220; animation_delay=&#8220;400ms&#8220; animation_speed_curve=&#8220;ease&#8220; locked=&#8220;off&#8220; global_colors_info=&#8220;{}&#8220;]<\/p>\n<h4 style=\"text-align: left;\">eva salon | bohu\u0148ovice<\/h4>\n<p>[\/et_pb_text][et_pb_code admin_label=&#8220;SVG&#8220; _builder_version=&#8220;4.21.0&#8243; _module_preset=&#8220;default&#8220; max_width=&#8220;24px&#8220; custom_margin=&#8220;0px||33px||false|false&#8220; custom_padding=&#8220;0px||0px||false|false&#8220; animation_style=&#8220;slide&#8220; animation_direction=&#8220;bottom&#8220; animation_delay=&#8220;600ms&#8220; animation_speed_curve=&#8220;ease&#8220; custom_css_main_element=&#8220;display:inline-block;&#8220; locked=&#8220;off&#8220; global_colors_info=&#8220;{}&#8220;]<svg xmlns=\"http:\/\/www.w3.org\/2000\/svg\" viewBox=\"0 0 25 8\" style=\"width: 24px; fill:#ffdea0;\"><!-- [et_pb_line_break_holder] --><g class=\"nc-icon-wrapper\"><!-- [et_pb_line_break_holder] --><path d=\"M3.536 0l3.536 3.536L3.536 7.07 0 3.536z\"><\/path><!-- [et_pb_line_break_holder] --><path d=\"M12.536 0l3.536 3.536-3.536 3.535L9 3.536z\"><\/path><!-- [et_pb_line_break_holder] --><path d=\"M20.535 0l3.536 3.536-3.536 3.535-3.536-3.535z\"><\/path><!-- [et_pb_line_break_holder] --><\/g><!-- [et_pb_line_break_holder] --><\/svg>[\/et_pb_code][et_pb_text _builder_version=&#8220;4.27.6&#8243; header_font=&#8220;Great Vibes||||||||&#8220; header_text_color=&#8220;#ffebd6&#8243; header_font_size=&#8220;80px&#8220; header_line_height=&#8220;1.2em&#8220; header_3_font=&#8220;|700||on|||||&#8220; header_3_text_color=&#8220;#ffcf9a&#8220; header_3_font_size=&#8220;14px&#8220; header_3_letter_spacing=&#8220;2px&#8220; header_3_line_height=&#8220;1.2em&#8220; background_layout=&#8220;dark&#8220; max_width=&#8220;700px&#8220; header_font_size_tablet=&#8220;80px&#8220; header_font_size_phone=&#8220;40px&#8220; header_font_size_last_edited=&#8220;on|phone&#8220; locked=&#8220;off&#8220; global_colors_info=&#8220;{}&#8220;]<\/p>\n<h1><span>Poznejte m\u011b bl\u00ed\u017ee&#8230;<\/span><\/h1>\n<p>[\/et_pb_text][\/et_pb_column][\/et_pb_row][\/et_pb_section][et_pb_section fb_built=&#8220;1&#8243; admin_label=&#8220;About&#8220; _builder_version=&#8220;4.27.6&#8243; background_color=&#8220;#0F1C2E&#8220; z_index=&#8220;2&#8243; locked=&#8220;off&#8220; global_colors_info=&#8220;{}&#8220;][et_pb_row column_structure=&#8220;1_2,1_2&#8243; _builder_version=&#8220;4.27.6&#8243; z_index=&#8220;3&#8243; hover_enabled=&#8220;0&#8243; global_colors_info=&#8220;{}&#8220; sticky_enabled=&#8220;0&#8243; module_alignment=&#8220;center&#8220;][et_pb_column type=&#8220;1_2&#8243; _builder_version=&#8220;4.27.6&#8243; custom_padding=&#8220;80px|80px|80px|80px|true|true&#8220; custom_padding_tablet=&#8220;10vw|10vw|10vw|10vw|true|true&#8220; custom_padding_phone=&#8220;&#8220; custom_padding_last_edited=&#8220;on|phone&#8220; border_width_all=&#8220;2px&#8220; border_color_all=&#8220;#ffcf9a&#8220; global_colors_info=&#8220;{}&#8220;][et_pb_text _builder_version=&#8220;4.27.6&#8243; _module_preset=&#8220;default&#8220; header_4_font=&#8220;Inria Sans|||on|||||&#8220; header_4_text_align=&#8220;center&#8220; header_4_text_color=&#8220;#ffdea0&#8243; header_4_font_size=&#8220;14px&#8220; header_4_letter_spacing=&#8220;3px&#8220; header_4_line_height=&#8220;1.2em&#8220; custom_margin=&#8220;0px||6px||false|false&#8220; custom_padding=&#8220;0px||0px||false|false&#8220; animation_style=&#8220;slide&#8220; animation_direction=&#8220;bottom&#8220; animation_delay=&#8220;400ms&#8220; animation_speed_curve=&#8220;ease&#8220; locked=&#8220;off&#8220; global_colors_info=&#8220;{}&#8220;]<\/p>\n<h4 style=\"text-align: left;\">o mn\u011b<\/h4>\n<p>[\/et_pb_text][et_pb_text _builder_version=&#8220;4.27.6&#8243; text_text_color=&#8220;#FFDEA0&#8243; text_font_size=&#8220;16px&#8220; text_line_height=&#8220;1.8em&#8220; header_font=&#8220;Playfair Display||||||||&#8220; header_text_color=&#8220;#ffebd6&#8243; header_font_size=&#8220;80px&#8220; header_line_height=&#8220;1.2em&#8220; header_6_font=&#8220;|700||on|||||&#8220; header_6_text_color=&#8220;#ffcf9a&#8220; header_6_letter_spacing=&#8220;2px&#8220; header_6_line_height=&#8220;1.2em&#8220; background_layout=&#8220;dark&#8220; max_width=&#8220;550px&#8220; header_font_size_tablet=&#8220;80px&#8220; header_font_size_phone=&#8220;40px&#8220; header_font_size_last_edited=&#8220;on|phone&#8220; global_colors_info=&#8220;{}&#8220;]<\/p>\n<p data-start=\"147\" data-end=\"350\">Jmenuji se Eva a jsem m\u00e1mou t\u0159\u00ed d\u011bt\u00ed. Moje cesta k pr\u00e1ci s t\u011blem a formov\u00e1n\u00ed postavy za\u010dala velmi osobn\u011b \u2013 vlastn\u00ed zku\u0161enost\u00ed po mate\u0159stv\u00ed, kdy jsem hledala zp\u016fsob, jak se znovu c\u00edtit dob\u0159e ve sv\u00e9m t\u011ble.<\/p>\n<p data-start=\"352\" data-end=\"533\">Stejn\u011b jako mnoho \u017een jsem \u0159e\u0161ila zm\u011bny postavy, \u00fanavu i nedostatek \u010dasu na sebe. Cht\u011bla jsem naj\u00edt metodu, kter\u00e1 bude \u00fa\u010dinn\u00e1, ale z\u00e1rove\u0148 \u0161etrn\u00e1, p\u0159irozen\u00e1 a dlouhodob\u011b udr\u017eiteln\u00e1.<\/p>\n<p>[\/et_pb_text][et_pb_text _builder_version=&#8220;4.27.6&#8243; text_font=&#8220;Great Vibes||||||||&#8220; text_text_color=&#8220;#ffcf9a&#8220; text_font_size=&#8220;34px&#8220; text_line_height=&#8220;1em&#8220; header_3_font=&#8220;|700||on|||||&#8220; header_3_text_color=&#8220;rgba(255,207,154,0.4)&#8220; header_3_font_size=&#8220;14px&#8220; header_3_letter_spacing=&#8220;2px&#8220; header_3_line_height=&#8220;1.2em&#8220; text_orientation=&#8220;right&#8220; background_layout=&#8220;dark&#8220; max_width=&#8220;550px&#8220; custom_margin=&#8220;40px||||false|false&#8220; hover_enabled=&#8220;0&#8243; text_font_size_tablet=&#8220;24px&#8220; text_font_size_phone=&#8220;24px&#8220; text_font_size_last_edited=&#8220;on|phone&#8220; text_text_align=&#8220;left&#8220; global_colors_info=&#8220;{}&#8220; header_3_font_size_last_edited=&#8220;on|phone&#8220; header_3_font_size_phone=&#8220;17px&#8220; sticky_enabled=&#8220;0&#8243; header_3_font_size_tablet=&#8220;14px&#8220;]<\/p>\n<p>Eva P\u00edrkov\u00e1<\/p>\n<p>[\/et_pb_text][\/et_pb_column][et_pb_column type=&#8220;1_2&#8243; _builder_version=&#8220;4.27.6&#8243; _module_preset=&#8220;default&#8220; global_colors_info=&#8220;{}&#8220;][et_pb_image src=&#8220;https:\/\/fyzio.adamkovanikola.site\/wp-content\/uploads\/2026\/04\/20260331_135833.jpg&#8220; title_text=&#8220;20260331_135833&#8243; _builder_version=&#8220;4.27.6&#8243; _module_preset=&#8220;default&#8220; width=&#8220;400px&#8220; hover_enabled=&#8220;0&#8243; global_colors_info=&#8220;{}&#8220; align=&#8220;center&#8220; sticky_enabled=&#8220;0&#8243; show_bottom_space_last_edited=&#8220;on|desktop&#8220;][\/et_pb_image][\/et_pb_column][\/et_pb_row][\/et_pb_section][et_pb_section fb_built=&#8220;1&#8243; custom_padding_last_edited=&#8220;on|phone&#8220; admin_label=&#8220;Feature&#8220; _builder_version=&#8220;4.27.6&#8243; background_color=&#8220;#0F1C2E&#8220; background_image=&#8220;https:\/\/fyzio.adamkovanikola.site\/wp-content\/uploads\/2026\/03\/gg.png&#8220; parallax=&#8220;on&#8220; background_blend=&#8220;lighten&#8220; background_enable_video_mp4=&#8220;off&#8220; overflow-x=&#8220;hidden&#8220; overflow-y=&#8220;hidden&#8220; custom_margin=&#8220;0px||0px||false|false&#8220; custom_padding=&#8220;111px||111px||true|false&#8220; custom_padding_tablet=&#8220;120px||120px||false|false&#8220; custom_padding_phone=&#8220;0px||0px||true|false&#8220; hover_enabled=&#8220;0&#8243; background_last_edited=&#8220;on|tablet&#8220; background_enable_image_tablet=&#8220;off&#8220; global_colors_info=&#8220;{}&#8220; sticky_enabled=&#8220;0&#8243;][et_pb_row _builder_version=&#8220;4.27.6&#8243; _module_preset=&#8220;default&#8220; width=&#8220;90%&#8220; max_width=&#8220;570px&#8220; custom_margin=&#8220;50px||50px||false|false&#8220; custom_padding=&#8220;0px||0px||false|false&#8220; locked=&#8220;off&#8220; global_colors_info=&#8220;{}&#8220;][et_pb_column type=&#8220;4_4&#8243; _builder_version=&#8220;4.21.0&#8243; _module_preset=&#8220;default&#8220; global_colors_info=&#8220;{}&#8220;][et_pb_text _builder_version=&#8220;4.27.6&#8243; _module_preset=&#8220;default&#8220; header_font=&#8220;Great Vibes||||||||&#8220; header_2_font=&#8220;Great Vibes||||||||&#8220; header_2_text_align=&#8220;center&#8220; header_2_text_color=&#8220;#ffebd6&#8243; header_2_font_size=&#8220;62px&#8220; header_2_line_height=&#8220;1.1em&#8220; custom_margin=&#8220;0px||0px||false|false&#8220; custom_padding=&#8220;0px||0px||false|false&#8220; header_2_font_size_tablet=&#8220;48px&#8220; header_2_font_size_phone=&#8220;30px&#8220; header_2_font_size_last_edited=&#8220;on|phone&#8220; header_2_line_height_tablet=&#8220;1.1em&#8220; header_2_line_height_phone=&#8220;1.2em&#8220; header_2_line_height_last_edited=&#8220;on|phone&#8220; global_colors_info=&#8220;{}&#8220;]<\/p>\n<h2><span>Moje filozofie<\/span><\/h2>\n<p>&nbsp;<\/p>\n<p>[\/et_pb_text][et_pb_text _builder_version=&#8220;4.27.6&#8243; _module_preset=&#8220;default&#8220; header_4_font=&#8220;Inria Sans|||on|||||&#8220; header_4_text_align=&#8220;center&#8220; header_4_text_color=&#8220;#ffdea0&#8243; header_4_font_size=&#8220;14px&#8220; header_4_letter_spacing=&#8220;3px&#8220; header_4_line_height=&#8220;1.4em&#8220; custom_margin=&#8220;0px||0px||false|false&#8220; custom_padding=&#8220;0px||14px||false|false&#8220; global_colors_info=&#8220;{}&#8220;]<\/p>\n<h4><img decoding=\"async\" src=\"https:\/\/fyzio.adamkovanikola.site\/wp-content\/uploads\/2026\/03\/restaurant-21-ld-1ae.png\" width=\"7px\" height=\"7px\" alt=\"\" class=\"wp-image-45878 alignnone size-full\" style=\"vertical-align: 1px; margin: 0px 9px;\" \/>V\u011b\u0159\u00edm, \u017ee ka\u017ed\u00e9 t\u011blo m\u00e1 schopnost zm\u011bny, pokud dostane spr\u00e1vnou podporu.<img decoding=\"async\" src=\"https:\/\/fyzio.adamkovanikola.site\/wp-content\/uploads\/2026\/03\/restaurant-21-ld-1ae.png\" width=\"7px\" height=\"7px\" alt=\"\" class=\"wp-image-45878 alignnone size-full\" style=\"vertical-align: 1px; margin: 0px 7px;\" \/><\/h4>\n<p>[\/et_pb_text][et_pb_text _builder_version=&#8220;4.27.6&#8243; _module_preset=&#8220;default&#8220; text_font=&#8220;Inria Sans||||||||&#8220; text_text_color=&#8220;#FFDEA0&#8243; text_font_size=&#8220;17px&#8220; text_line_height=&#8220;1.6em&#8220; text_orientation=&#8220;center&#8220; custom_margin=&#8220;0px||30px||false|false&#8220; custom_margin_tablet=&#8220;0px||58px||false|false&#8220; custom_margin_phone=&#8220;0px||40px||false|false&#8220; custom_margin_last_edited=&#8220;on|phone&#8220; custom_padding=&#8220;0px||0px||false|false&#8220; animation_style=&#8220;slide&#8220; animation_direction=&#8220;bottom&#8220; animation_delay=&#8220;1000ms&#8220; animation_intensity_slide=&#8220;55%&#8220; animation_speed_curve=&#8220;ease&#8220; global_colors_info=&#8220;{}&#8220;]<\/p>\n<p data-start=\"1118\" data-end=\"1173\">M\u00fdm c\u00edlem nen\u00ed jen \u201ezlep\u0161it postavu\u201c, ale pomoci \u017een\u00e1m:<br \/>\u29bf c\u00edtit se l\u00e9pe ve sv\u00e9m t\u011ble<br \/>\u29bf znovu z\u00edskat sebev\u011bdom\u00ed<br \/>\u29bf vid\u011bt re\u00e1ln\u00e9 a viditeln\u00e9 v\u00fdsledky<br \/>\u29bf a naj\u00edt si vztah ke sv\u00e9mu t\u011blu bez tlaku a extr\u00e9m\u016f<\/p>\n<p data-start=\"1327\" data-end=\"1412\">Ke ka\u017ed\u00e9 klientce p\u0159istupuji individu\u00e1ln\u011b, proto\u017ee ka\u017ed\u00e9 t\u011blo i ka\u017ed\u00fd p\u0159\u00edb\u011bh je jin\u00fd.<\/p>\n<p>[\/et_pb_text][\/et_pb_column][\/et_pb_row][\/et_pb_section][et_pb_section fb_built=&#8220;1&#8243; admin_label=&#8220;Feature&#8220; _builder_version=&#8220;4.27.6&#8243; locked=&#8220;off&#8220; global_colors_info=&#8220;{}&#8220; background_color=&#8220;#0F1C2E&#8220;][et_pb_row column_structure=&#8220;1_3,2_3&#8243; custom_padding_last_edited=&#8220;on|phone&#8220; _builder_version=&#8220;4.27.6&#8243; max_width=&#8220;none&#8220; module_alignment=&#8220;right&#8220; custom_margin=&#8220;|auto||14px||&#8220; custom_padding=&#8220;|60px||60px|false|true&#8220; custom_padding_tablet=&#8220;|||||false&#8220; custom_padding_phone=&#8220;|20px||20px|false|true&#8220; module_alignment_tablet=&#8220;center&#8220; module_alignment_phone=&#8220;center&#8220; module_alignment_last_edited=&#8220;on|tablet&#8220; border_width_all=&#8220;2px&#8220; border_color_all=&#8220;#FFDEA0&#8243; global_colors_info=&#8220;{}&#8220; width_phone=&#8220;90%&#8220; width_last_edited=&#8220;on|phone&#8220;][et_pb_column type=&#8220;1_3&#8243; _builder_version=&#8220;4.16&#8243; global_colors_info=&#8220;{}&#8220;][et_pb_gallery gallery_ids=&#8220;668,666,664,662,661,660&#8243; fullwidth=&#8220;on&#8220; _builder_version=&#8220;4.27.6&#8243; _module_preset=&#8220;default&#8220; width=&#8220;100%&#8220; max_width=&#8220;500px&#8220; module_alignment=&#8220;left&#8220; custom_margin=&#8220;||33px|-92px||&#8220; hover_enabled=&#8220;0&#8243; global_colors_info=&#8220;{}&#8220; sticky_enabled=&#8220;0&#8243;][\/et_pb_gallery][\/et_pb_column][et_pb_column type=&#8220;2_3&#8243; _builder_version=&#8220;4.16&#8243; custom_padding=&#8220;90px||||false|false&#8220; custom_padding_tablet=&#8220;0px||||false|false&#8220; custom_padding_phone=&#8220;&#8220; custom_padding_last_edited=&#8220;on|tablet&#8220; global_colors_info=&#8220;{}&#8220;][et_pb_text _builder_version=&#8220;4.27.6&#8243; text_text_color=&#8220;rgba(255,207,154,0.7)&#8220; text_font_size=&#8220;16px&#8220; text_line_height=&#8220;1.8em&#8220; header_font=&#8220;Great Vibes||||||||&#8220; header_2_font=&#8220;Great Vibes||||||||&#8220; header_2_text_color=&#8220;#ffcf9a&#8220; header_2_font_size=&#8220;7vw&#8220; header_2_line_height=&#8220;0.9em&#8220; background_layout=&#8220;dark&#8220; custom_margin=&#8220;||-8px|||&#8220; header_2_font_size_tablet=&#8220;70px&#8220; header_2_font_size_phone=&#8220;50px&#8220; header_2_font_size_last_edited=&#8220;on|phone&#8220; locked=&#8220;off&#8220; global_colors_info=&#8220;{}&#8220;]<\/p>\n<h2>Co nab\u00edz\u00edm dnes<\/h2>\n<p>[\/et_pb_text][et_pb_code admin_label=&#8220;SVG&#8220; _builder_version=&#8220;4.21.0&#8243; _module_preset=&#8220;default&#8220; max_width=&#8220;24px&#8220; custom_margin=&#8220;0px||33px||false|false&#8220; custom_padding=&#8220;0px||0px||false|false&#8220; animation_style=&#8220;slide&#8220; animation_direction=&#8220;bottom&#8220; animation_delay=&#8220;600ms&#8220; animation_speed_curve=&#8220;ease&#8220; custom_css_main_element=&#8220;display:inline-block;&#8220; locked=&#8220;off&#8220; global_colors_info=&#8220;{}&#8220;]<svg xmlns=\"http:\/\/www.w3.org\/2000\/svg\" viewBox=\"0 0 25 8\" style=\"width: 24px; fill:#ffdea0;\"><!-- [et_pb_line_break_holder] --><g class=\"nc-icon-wrapper\"><!-- [et_pb_line_break_holder] --><path d=\"M3.536 0l3.536 3.536L3.536 7.07 0 3.536z\"><\/path><!-- [et_pb_line_break_holder] --><path d=\"M12.536 0l3.536 3.536-3.536 3.535L9 3.536z\"><\/path><!-- [et_pb_line_break_holder] --><path d=\"M20.535 0l3.536 3.536-3.536 3.535-3.536-3.535z\"><\/path><!-- [et_pb_line_break_holder] --><\/g><!-- [et_pb_line_break_holder] --><\/svg>[\/et_pb_code][et_pb_text _builder_version=&#8220;4.27.6&#8243; _module_preset=&#8220;default&#8220; header_4_font=&#8220;Inria Sans|||on|||||&#8220; header_4_text_align=&#8220;center&#8220; header_4_text_color=&#8220;#ffdea0&#8243; header_4_font_size=&#8220;14px&#8220; header_4_letter_spacing=&#8220;3px&#8220; header_4_line_height=&#8220;1.2em&#8220; custom_margin=&#8220;0px||6px||false|false&#8220; custom_padding=&#8220;0px||0px||false|false&#8220; animation_style=&#8220;slide&#8220; animation_direction=&#8220;bottom&#8220; animation_delay=&#8220;400ms&#8220; animation_speed_curve=&#8220;ease&#8220; locked=&#8220;off&#8220; global_colors_info=&#8220;{}&#8220;]<\/p>\n<h4 style=\"text-align: left;\">Pro\u010d si \u017eeny vyb\u00edraj\u00ed pr\u00e1v\u011b m\u011b:<\/h4>\n<p>[\/et_pb_text][et_pb_text _builder_version=&#8220;4.27.6&#8243; _module_preset=&#8220;default&#8220; text_font=&#8220;Inria Sans||||||||&#8220; text_text_color=&#8220;#ffebd6&#8243; text_font_size=&#8220;17px&#8220; text_line_height=&#8220;1.3em&#8220; text_orientation=&#8220;center&#8220; custom_margin=&#8220;0px||33px||false|false&#8220; custom_margin_tablet=&#8220;0px||58px||false|false&#8220; custom_margin_phone=&#8220;0px||40px||false|false&#8220; custom_margin_last_edited=&#8220;on|phone&#8220; custom_padding=&#8220;0px||0px||false|false&#8220; animation_style=&#8220;slide&#8220; animation_direction=&#8220;bottom&#8220; animation_delay=&#8220;1000ms&#8220; animation_intensity_slide=&#8220;55%&#8220; animation_speed_curve=&#8220;ease&#8220; locked=&#8220;off&#8220; global_colors_info=&#8220;{}&#8220;]<\/p>\n<p style=\"text-align: left;\">\u2714 Viditeln\u00e9 v\u00fdsledky u\u017e po prvn\u00ed n\u00e1v\u0161t\u011bv\u011b<\/p>\n<p style=\"text-align: left;\">\u2714 Neinvazivn\u00ed a bezpe\u010dn\u00e9 metody<\/p>\n<p style=\"text-align: left;\">\u2714 Individu\u00e1ln\u00ed p\u0159\u00edstup ke ka\u017ed\u00e9 klientce<\/p>\n<p style=\"text-align: left;\">\u2714 Rychl\u00e9 procedury bez dlouh\u00e9 rekonvalescence<\/p>\n<p style=\"text-align: left;\">\u2714 P\u0159\u00edjemn\u00e9 a diskr\u00e9tn\u00ed prost\u0159ed\u00ed<\/p>\n<p>[\/et_pb_text][et_pb_button button_url=&#8220;@ET-DC@eyJkeW5hbWljIjp0cnVlLCJjb250ZW50IjoicG9zdF9saW5rX3VybF9wYWdlIiwic2V0dGluZ3MiOnsicG9zdF9pZCI6Ijc4NCJ9fQ==@&#8220; button_text=&#8220;nez\u00e1vazn\u011b poptat&#8220; button_alignment=&#8220;left&#8220; _builder_version=&#8220;4.27.6&#8243; _dynamic_attributes=&#8220;button_url&#8220; _module_preset=&#8220;default&#8220; custom_button=&#8220;on&#8220; button_text_size=&#8220;13px&#8220; button_text_color=&#8220;#FFFFFF&#8220; button_bg_color=&#8220;RGBA(255,255,255,0)&#8220; button_border_width=&#8220;1px&#8220; button_border_color=&#8220;#ffdea0&#8243; button_border_radius=&#8220;0px&#8220; button_letter_spacing=&#8220;3px&#8220; button_font=&#8220;Inria Sans|700||on|||||&#8220; button_use_icon=&#8220;off&#8220; custom_margin=&#8220;0px||0px||false|false&#8220; custom_padding=&#8220;15px|40px|17px|40px|false|false&#8220; animation_style=&#8220;slide&#8220; animation_direction=&#8220;bottom&#8220; animation_delay=&#8220;1200ms&#8220; animation_intensity_slide=&#8220;40%&#8220; animation_speed_curve=&#8220;ease&#8220; locked=&#8220;off&#8220; global_colors_info=&#8220;{}&#8220; button_bg_color__hover_enabled=&#8220;on|hover&#8220; button_bg_color__hover=&#8220;#ffdea0&#8243; button_bg_enable_color__hover=&#8220;on&#8220; button_text_color__hover_enabled=&#8220;on|hover&#8220; button_text_color__hover=&#8220;#000000&#8243; custom_css_main_element__hover_enabled=&#8220;on|hover&#8220; custom_css_main_element__hover=&#8220;animation-name: scale;||    animation-duration: 3s;||    animation-iteration-count: infinite;||    animation-timing-function: ease-in-out;||    margin-left: 0px;||    margin-top: 0px;||}||||@keyframes scale {||    from { transform: translate(0, 0px); }||    50%  { transform: scale(0.93); }||    to   { transform: translate(0, 0px); }    &#8220; button_bg_enable_image__hover=&#8220;off&#8220;][\/et_pb_button][\/et_pb_column][\/et_pb_row][\/et_pb_section][et_pb_section fb_built=&#8220;1&#8243; _builder_version=&#8220;4.27.6&#8243; _module_preset=&#8220;default&#8220; background_color=&#8220;#0F1C2E&#8220; global_colors_info=&#8220;{}&#8220;][et_pb_row _builder_version=&#8220;4.27.6&#8243; _module_preset=&#8220;default&#8220; global_colors_info=&#8220;{}&#8220;][et_pb_column type=&#8220;4_4&#8243; _builder_version=&#8220;4.27.6&#8243; _module_preset=&#8220;default&#8220; global_colors_info=&#8220;{}&#8220;][et_pb_text _builder_version=&#8220;4.27.6&#8243; _module_preset=&#8220;default&#8220; header_4_font=&#8220;Inria Sans|||on|||||&#8220; header_4_text_align=&#8220;center&#8220; header_4_text_color=&#8220;#ffdea0&#8243; header_4_font_size=&#8220;14px&#8220; header_4_letter_spacing=&#8220;3px&#8220; header_4_line_height=&#8220;1.2em&#8220; max_width=&#8220;490px&#8220; module_alignment=&#8220;center&#8220; custom_margin=&#8220;0px||18px||false|false&#8220; custom_padding=&#8220;0px||0px||false|false&#8220; hover_enabled=&#8220;0&#8243; locked=&#8220;off&#8220; global_colors_info=&#8220;{}&#8220; sticky_enabled=&#8220;0&#8243;]<\/p>\n<h4><img decoding=\"async\" src=\"https:\/\/fyzio.adamkovanikola.site\/wp-content\/uploads\/2026\/03\/restaurant-21-ld-1ae.png\" width=\"7px\" height=\"7px\" alt=\"\" class=\"wp-image-45878 alignnone size-full\" style=\"vertical-align: 1px; margin: 0px 8px;\" \/> sal\u00f3n<img decoding=\"async\" src=\"https:\/\/fyzio.adamkovanikola.site\/wp-content\/uploads\/2026\/03\/restaurant-21-ld-1ae.png\" width=\"7px\" height=\"7px\" alt=\"\" class=\"wp-image-45878 alignnone size-full\" style=\"vertical-align: 1px; margin: 0px 8px;\" \/><\/h4>\n<p>[\/et_pb_text][et_pb_text _builder_version=&#8220;4.27.6&#8243; header_font=&#8220;Great Vibes||||||||&#8220; header_text_color=&#8220;#ffebd6&#8243; header_font_size=&#8220;80px&#8220; header_line_height=&#8220;1.2em&#8220; header_3_font=&#8220;|700||on|||||&#8220; header_3_text_color=&#8220;#ffcf9a&#8220; header_3_font_size=&#8220;14px&#8220; header_3_letter_spacing=&#8220;2px&#8220; header_3_line_height=&#8220;1.2em&#8220; background_layout=&#8220;dark&#8220; max_width=&#8220;700px&#8220; module_alignment=&#8220;center&#8220; custom_margin=&#8220;||3px|||&#8220; header_font_size_tablet=&#8220;80px&#8220; header_font_size_phone=&#8220;40px&#8220; header_font_size_last_edited=&#8220;on|phone&#8220; locked=&#8220;off&#8220; global_colors_info=&#8220;{}&#8220;]<\/p>\n<h1 style=\"text-align: center;\">Jak to u m\u011b vypad\u00e1?<\/h1>\n<p>[\/et_pb_text][et_pb_image src=&#8220;https:\/\/fyzio.adamkovanikola.site\/wp-content\/uploads\/2026\/03\/Narok-na-dotaci-az-6.jpg&#8220; title_text=&#8220;N\u00e1rok na dotaci a\u017e-6&#8243; _builder_version=&#8220;4.27.6&#8243; _module_preset=&#8220;default&#8220; width=&#8220;75%&#8220; module_alignment=&#8220;center&#8220; global_colors_info=&#8220;{}&#8220;][\/et_pb_image][\/et_pb_column][\/et_pb_row][\/et_pb_section]<\/p>\n","protected":false},"excerpt":{"rendered":"<p>eva salon | bohu\u0148ovicePoznejte m\u011b bl\u00ed\u017ee&#8230;o mn\u011bJmenuji se Eva a jsem m\u00e1mou t\u0159\u00ed d\u011bt\u00ed. Moje cesta k pr\u00e1ci s t\u011blem a formov\u00e1n\u00ed postavy za\u010dala velmi osobn\u011b \u2013 vlastn\u00ed zku\u0161enost\u00ed po mate\u0159stv\u00ed, kdy jsem hledala zp\u016fsob, jak se znovu c\u00edtit dob\u0159e ve sv\u00e9m t\u011ble. Stejn\u011b jako mnoho \u017een jsem \u0159e\u0161ila zm\u011bny postavy, \u00fanavu i nedostatek \u010dasu [&hellip;]<\/p>\n","protected":false},"author":1,"featured_media":0,"parent":0,"menu_order":0,"comment_status":"closed","ping_status":"closed","template":"","meta":{"_et_pb_use_builder":"on","_et_pb_old_content":"","_et_gb_content_width":"","footnotes":""},"class_list":["post-805","page","type-page","status-publish","hentry"],"_links":{"self":[{"href":"https:\/\/fyzio.adamkovanikola.site\/index.php\/wp-json\/wp\/v2\/pages\/805","targetHints":{"allow":["GET"]}}],"collection":[{"href":"https:\/\/fyzio.adamkovanikola.site\/index.php\/wp-json\/wp\/v2\/pages"}],"about":[{"href":"https:\/\/fyzio.adamkovanikola.site\/index.php\/wp-json\/wp\/v2\/types\/page"}],"author":[{"embeddable":true,"href":"https:\/\/fyzio.adamkovanikola.site\/index.php\/wp-json\/wp\/v2\/users\/1"}],"replies":[{"embeddable":true,"href":"https:\/\/fyzio.adamkovanikola.site\/index.php\/wp-json\/wp\/v2\/comments?post=805"}],"version-history":[{"count":0,"href":"https:\/\/fyzio.adamkovanikola.site\/index.php\/wp-json\/wp\/v2\/pages\/805\/revisions"}],"wp:attachment":[{"href":"https:\/\/fyzio.adamkovanikola.site\/index.php\/wp-json\/wp\/v2\/media?parent=805"}],"curies":[{"name":"wp","href":"https:\/\/api.w.org\/{rel}","templated":true}]}}